{"id":9,"date":"2025-08-28T13:05:44","date_gmt":"2025-08-28T13:05:44","guid":{"rendered":"https:\/\/777olimpwithdrawal.com\/?page_id=9"},"modified":"2025-08-28T13:05:46","modified_gmt":"2025-08-28T13:05:46","slug":"home","status":"publish","type":"page","link":"https:\/\/777olimpwithdrawal.com\/","title":{"rendered":"Home"},"content":{"rendered":"\n<h1 class=\"wp-block-heading\"><strong>777OLIMP Real Casino \u2013 Real Udu\u015flar, S\u00fcr\u0259tli Qeydiyyat v\u0259 Etibarl\u0131 Oyunlar<\/strong><\/h1>\n\n\n\n<p>777OLIMP Real Casino oyun\u00e7ulara t\u0259sir edici qazanma imkanlar\u0131 t\u0259klif edir v\u0259 tez v\u0259 asan qeydiyyat prosesi il\u0259 birl\u0259\u015fdirir.&nbsp;<\/p>\n\n\n\n<p><strong>Y\u00fcks\u0259k udu\u015f imkanlar\u0131 v\u0259 real pul \u00e7\u0131xar\u0131\u015f\u0131<\/strong><\/p>\n\n\n\n<p>777OLIMP platformas\u0131nda y\u00fcks\u0259k udu\u015f imkanlar\u0131 v\u0259 real pul \u00e7\u0131xar\u0131\u015f\u0131 h\u0259r zaman \u00f6n plandad\u0131r.<\/p>\n\n\n\n<p>Biz istifad\u0259\u00e7il\u0259rimiz\u0259 real udu\u015flar qazanmaq \u00fc\u00e7\u00fcn geni\u015f imkanlar t\u0259qdim edirik \u2013 \u0259n populyar oyunlar\u0131m\u0131z, x\u00fcsusil\u0259 Champion provayderind\u0259n g\u0259l\u0259n slotlar, h\u0259r k\u0259s\u0259 b\u00f6y\u00fck m\u0259bl\u0259\u011fd\u0259 udu\u015f \u015fans\u0131 verir.<\/p>\n\n\n\n<p>Burada oynayaraq, real udu\u015flar \u0259ld\u0259 etm\u0259k v\u0259 qazand\u0131\u011f\u0131n\u0131z m\u0259bl\u0259\u011fi tez bir zamanda \u00e7\u0131xarmaq m\u00fcmk\u00fcnd\u00fcr.<\/p>\n\n\n\n<p>Depozit v\u0259 pul \u00e7\u0131xar\u0131\u015f\u0131 prosesi sad\u0259dir: M10 elektron pulqab\u0131s\u0131, el\u0259c\u0259 d\u0259 Visa v\u0259 MasterCard kartlar\u0131 d\u0259st\u0259kl\u0259nir.<\/p>\n\n\n\n<p>Minimum depozit c\u0259mi 5 manatd\u0131r, \u00e7\u0131xar\u0131\u015f limiti is\u0259 bir d\u0259f\u0259y\u0259 1000 manatd\u0131r.<\/p>\n\n\n\n<p>Biz he\u00e7 vaxt \u00f6d\u0259ni\u015fl\u0259ri gecikdirmirik \u2013 h\u0259r zaman qazand\u0131\u011f\u0131n\u0131z real udu\u015flar tam v\u0259 vaxt\u0131nda hesab\u0131n\u0131za k\u00f6\u00e7\u00fcr\u00fcl\u00fcr.<\/p>\n\n\n\n<h2 class=\"wp-block-heading\"><strong>\u018fdal\u0259tli oyun prinsipl\u0259ri v\u0259 lisenziyalar<\/strong><\/h2>\n\n\n\n<p>Baxmayaraq ki, b\u0259zi onlayn kazinolarda oyunlar\u0131n \u0259dal\u0259tliliyi sual alt\u0131nda qala bil\u0259r, biz oyun\u00e7ular\u0131m\u0131za tam \u015f\u0259ffaf v\u0259 d\u00fcr\u00fcst oyun t\u0259cr\u00fcb\u0259si t\u0259qdim edirik.<\/p>\n\n\n\n<p>\u018fdal\u0259tli oyun prinsipl\u0259ri bizim \u00fc\u00e7\u00fcn \u0259sasd\u0131r: b\u00fct\u00fcn oyunlar beyn\u0259lxalq standartlara uy\u011fun RTP g\u00f6st\u0259ricil\u0259ri il\u0259 t\u0259min olunur v\u0259 m\u00fcst\u0259qil provayderl\u0259r t\u0259r\u0259find\u0259n yoxlan\u0131l\u0131r.<\/p>\n\n\n\n<p>T\u0259hl\u00fck\u0259sizlik m\u0259s\u0259l\u0259sind\u0259 d\u0259 ciddi add\u0131mlar at\u0131r\u0131q \u2013 SSL \u015fifr\u0259l\u0259m\u0259si, etibarl\u0131 serverl\u0259rd\u0259 m\u0259lumatlar\u0131n saxlan\u0131lmas\u0131 v\u0259 m\u00fct\u0259madi auditl\u0259r say\u0259sind\u0259 \u015f\u0259xsi m\u0259lumatlar\u0131n\u0131z daim qorunur.<\/p>\n\n\n\n<p>D\u00fczd\u00fcr, r\u0259smi lisenziyam\u0131z yoxdur, lakin biz daim oyun\u00e7ular\u0131m\u0131z\u0131n etibar\u0131n\u0131 do\u011frulduruq v\u0259 \u00f6d\u0259ni\u015fl\u0259ri vaxt\u0131nda h\u0259yata ke\u00e7iririk.<\/p>\n\n\n\n<p>Sizin rahatl\u0131\u011f\u0131n\u0131z v\u0259 t\u0259hl\u00fck\u0259sizliyiniz bizim \u00fc\u00e7\u00fcn prioritetdir.<\/p>\n\n\n\n<p>Biz\u0259 qo\u015fulun v\u0259 f\u0259rqi \u00f6z\u00fcn\u00fcz hiss edin!<\/p>\n\n\n\n<h2 class=\"wp-block-heading\"><strong>Populyar v\u0259 s\u00fcbut olunmu\u015f oyun kateqoriyalar\u0131<\/strong><\/h2>\n\n\n\n<p>Oyun d\u00fcnyas\u0131n\u0131n r\u0259ngar\u0259ngliyi v\u0259 h\u0259y\u0259can\u0131 bizim platformada tam \u015f\u0259kild\u0259 \u0259ks olunur.<\/p>\n\n\n\n<p>Biz burada \u0259n populyar v\u0259 s\u00fcbut olunmu\u015f kazino oyunlar\u0131 t\u0259qdim edirik ki, h\u0259r bir oyun\u00e7u z\u00f6vq\u00fcn\u0259 uy\u011fun se\u00e7im ed\u0259 bilsin.<\/p>\n\n\n\n<p>\u018fn \u00e7ox se\u00e7il\u0259n onlayn kazino oyunlari aras\u0131nda Champion provayderinin t\u0259qdim etdiyi Sevens on Fire, Rich Fruits v\u0259 Hot Sevens kimi slotlar f\u0259rql\u0259nir.<\/p>\n\n\n\n<p>Bu oyunlar y\u00fcks\u0259k RTP, sad\u0259 qaydalar v\u0259 real qazanma imkanlar\u0131 il\u0259 m\u0259\u015fhurdur.<\/p>\n\n\n\n<p>H\u0259m\u00e7inin, bir ne\u00e7\u0259 crash oyunlar\u0131m\u0131z da var, yeni t\u0259cr\u00fcb\u0259l\u0259r \u00fc\u00e7\u00fcn ideald\u0131r.<\/p>\n\n\n\n<p>Demo rejimind\u0259 risksiz oynamaq imkan\u0131 da m\u00f6vcuddur.<\/p>\n\n\n\n<p>M\u00fcnt\u0259z\u0259m olaraq yeni adlar \u0259lav\u0259 edirik, bel\u0259likl\u0259 oyun\u00e7ular\u0131m\u0131z h\u0259mi\u015f\u0259 yenilikl\u0259rd\u0259n yararlana bil\u0259r.<\/p>\n\n\n\n<h2 class=\"wp-block-heading\"><strong>S\u00fcr\u0259tli qeydiyyat v\u0259 balans idar\u0259\u00e7iliyi<\/strong><\/h2>\n\n\n\n<p>Bir-birind\u0259n maraql\u0131 oyunlar se\u00e7dikd\u0259n sonra, s\u00fcr\u0259tli v\u0259 asan qeydiyyat prosesi il\u0259 d\u0259rhal oyuna ba\u015flaya bil\u0259rik.<\/p>\n\n\n\n<p>Sad\u0259c\u0259 istifad\u0259\u00e7i ad\u0131 v\u0259 ya e-po\u00e7t \u00fcnvan\u0131 daxil etm\u0259kl\u0259 hesab\u0131m\u0131z\u0131 a\u00e7\u0131r\u0131q \u2013 he\u00e7 bir \u0259lav\u0259 s\u0259n\u0259d v\u0259 ya \u00e7\u0259tin add\u0131m yoxdur.<\/p>\n\n\n\n<p>Bu rahatl\u0131q say\u0259sind\u0259 vaxt itirm\u0259d\u0259n balans\u0131m\u0131z\u0131 art\u0131r\u0131b sevdiyimiz slot v\u0259 crash oyunlar\u0131na ke\u00e7\u0259 bilirik.<\/p>\n\n\n\n<p>Balans idar\u0259\u00e7iliyi d\u0259 olduqca sad\u0259dir: ist\u0259diyimiz zaman balans\u0131m\u0131z\u0131 yoxlay\u0131r, art\u0131r\u0131r v\u0259 ya \u00e7\u0131xar\u0131\u015f edirik.<\/p>\n\n\n\n<p>S\u00fcr\u0259tli \u00f6d\u0259ni\u015f funksiyas\u0131 biz\u0259 qazanclar\u0131m\u0131z\u0131 d\u0259rhal \u0259ld\u0259 etm\u0259y\u0259 imkan verir.<\/p>\n\n\n\n<p>Bu rahatl\u0131q v\u0259 \u00e7eviklik, 777OLIMP real kazino t\u0259cr\u00fcb\u0259sini daha c\u0259lbedici v\u0259 istifad\u0259\u00e7i dostu edir.<\/p>\n\n\n\n<p>Biz burada vaxt itirm\u0259d\u0259n, tam n\u0259zar\u0259tl\u0259 oyundan h\u0259zz al\u0131r\u0131q.<\/p>\n\n\n\n<h2 class=\"wp-block-heading\"><strong>T\u0259hl\u00fck\u0259siz maliyy\u0259 \u0259m\u0259liyyatlar\u0131<\/strong><\/h2>\n\n\n\n<p>Maliyy\u0259 t\u0259hl\u00fck\u0259sizliyi h\u0259r bir oyun\u00e7unun rahatl\u0131\u011f\u0131 \u00fc\u00e7\u00fcn \u0259sas amildir.<\/p>\n\n\n\n<p>777OLIMP platformas\u0131nda balans\u0131m\u0131z\u0131 art\u0131rmaq v\u0259 udu\u015flar\u0131m\u0131z\u0131 \u00e7\u0131xarmaq h\u0259m s\u00fcr\u0259tli, h\u0259m d\u0259 etibarl\u0131d\u0131r. Biz burada t\u0259hl\u00fck\u0259siz maliyy\u0259 \u0259m\u0259liyyatlar\u0131 \u00fc\u00e7\u00fcn qabaqc\u0131l t\u0259dbirl\u0259r g\u00f6r\u00fcr\u00fck: SSL \u015fifr\u0259l\u0259m\u0259si, m\u0259lumatlar\u0131n t\u0259hl\u00fck\u0259siz saxlanmas\u0131 v\u0259 daimi t\u0259hl\u00fck\u0259sizlik yoxlamalar\u0131 say\u0259sind\u0259 \u015f\u0259xsi v\u0259 maliyy\u0259 m\u0259lumatlar\u0131m\u0131z qorunur.<\/p>\n\n\n\n<p>Onlayn \u00f6d\u0259m\u0259 \u00fcsullar\u0131 olaraq M10 elektron pulqab\u0131s\u0131 v\u0259 Visa\/MasterCard bank kartlar\u0131ndan istifad\u0259 edirik.<\/p>\n\n\n\n<p>\u018flav\u0259 yoxlama olmadan rahat \u015f\u0259kild\u0259 h\u0259m depozit, h\u0259m d\u0259 \u00e7\u0131xar\u0131\u015f h\u0259yata ke\u00e7iririk. Minimum depozit c\u0259mi 5 manat, maksimum \u00e7\u0131xar\u0131\u015f is\u0259 1000 manatd\u0131r.<\/p>\n\n\n\n<p>B\u00fct\u00fcn \u0259m\u0259liyyatlar yaln\u0131z Az\u0259rbaycan manat\u0131 il\u0259 apar\u0131l\u0131r. Pul v\u0259saitimizin h\u0259mi\u015f\u0259 vaxt\u0131nda \u00f6d\u0259n\u0259c\u0259yin\u0259 tam \u0259minik.<\/p>\n\n\n\n<h2 class=\"wp-block-heading\"><strong>Qazanma\u011fa indi ba\u015fla \u2013 real n\u0259tic\u0259 s\u0259nin \u00fc\u00e7\u00fcn<\/strong><\/h2>\n\n\n\n<p>H\u0259r k\u0259s indi ba\u015flay\u0131b, real udu\u015flar\u0131 hiss ed\u0259 bil\u0259r \u2013 777OLIMP-d\u0259 he\u00e7 bir gecikm\u0259 v\u0259 ya \u0259lav\u0259 yoxlama olmadan pul qazanmaq tamamil\u0259 reald\u0131r.<\/p>\n\n\n\n<p>Biziml\u0259 kazino oynamaq sad\u0259dir: s\u00fcr\u0259tli qeydiyyat, d\u0259rhal balans art\u0131rma v\u0259 udu\u015flar\u0131n tez \u00e7\u0131xar\u0131lmas\u0131 imkan\u0131 var.<\/p>\n\n\n\n<p>Qazanma \u015fans\u0131 h\u0259r k\u0259s \u00fc\u00e7\u00fcn \u0259l\u00e7atan oldu\u011funa g\u00f6r\u0259, vaxt itirm\u0259d\u0259n \u0259n populyar slotlara daxil olub \u015fans\u0131m\u0131z\u0131 yoxlaya bil\u0259rik.<\/p>\n\n\n\n<p>Sevdiyimiz oyunlar\u0131 se\u00e7ib, \u00f6z strategiyam\u0131z\u0131 quraraq daha y\u00fcks\u0259k udu\u015flar \u0259ld\u0259 etm\u0259k imkan\u0131m\u0131z var.<\/p>\n\n\n\n<p>Champion provayderinin oyunlar\u0131 il\u0259 f\u0259rqli v\u0259 \u0259yl\u0259nc\u0259li t\u0259cr\u00fcb\u0259 ya\u015fay\u0131r\u0131q.<\/p>\n\n\n\n<p>Art\u0131q g\u00f6zl\u0259m\u0259y\u0259 ehtiyac yoxdur \u2013 h\u0259r k\u0259s indi ba\u015flay\u0131b, real n\u0259tic\u0259 \u0259ld\u0259 ed\u0259 bil\u0259r.<\/p>\n\n\n\n<p>\u015eans\u0131m\u0131z\u0131 yoxlayaq v\u0259 qazanca bir add\u0131m daha yax\u0131nla\u015faq!<\/p>\n\n\n\n<h2 class=\"wp-block-heading\"><strong>Sual-cavab (FAQ): h\u0259qiqi oyun t\u0259cr\u00fcb\u0259si \u00fc\u00e7\u00fcn<\/strong><\/h2>\n\n\n\n<h3 class=\"wp-block-heading\"><strong>Minimum v\u0259 maksimum depozit m\u0259bl\u0259\u011fi n\u0259 q\u0259d\u0259rdir?<\/strong><\/h3>\n\n\n\n<p>B\u0259s oyun hesab\u0131n\u0131z\u0131 art\u0131rmaq \u00fc\u00e7\u00fcn n\u0259 q\u0259d\u0259r minimum m\u0259bl\u0259\u011f laz\u0131md\u0131r?<\/p>\n\n\n\n<p>777OLIMP Real Casino-da depozit etm\u0259k \u00e7ox asand\u0131r \u2013 c\u0259mi 5 manatla ba\u015flay\u0131rs\u0131n\u0131z.<\/p>\n\n\n\n<p>\u018fg\u0259r daha b\u00f6y\u00fck m\u0259bl\u0259\u011fl\u0259rl\u0259 oynamaq ist\u0259yirsinizs\u0259, bir \u0259m\u0259liyyatda maksimum 1000 manat yat\u0131rmaq m\u00fcmk\u00fcnd\u00fcr.<\/p>\n\n\n\n<p>Bu minimum v\u0259 maksimum depozit m\u0259bl\u0259\u011fi il\u0259 ist\u0259nil\u0259n oyun\u00e7u rahat \u015f\u0259kild\u0259 kazino oyunlar\u0131 online oynaya bil\u0259r.<\/p>\n\n\n\n<p>Ba\u015flan\u011f\u0131c \u00fc\u00e7\u00fcn az m\u0259bl\u0259\u011f kifay\u0259tdir, risk etm\u0259d\u0259n \u015fans\u0131n\u0131z\u0131 s\u0131naya bil\u0259rsiniz.<\/p>\n\n\n\n<p>Eyni zamanda, y\u00fcks\u0259k m\u0259bl\u0259\u011fl\u0259rl\u0259 depozit ed\u0259nl\u0259r \u00fc\u00e7\u00fcn d\u0259 limitl\u0259r olduqca \u0259lveri\u015flidir.<\/p>\n\n\n\n<p>Bizim platformada balans art\u0131rmaq prosesi s\u00fcr\u0259tli v\u0259 t\u0259hl\u00fck\u0259sizdir.<\/p>\n\n\n\n<p>H\u0259r bir oyun\u00e7u \u00f6z b\u00fcdc\u0259sin\u0259 uy\u011fun m\u0259bl\u0259\u011f se\u00e7ib, real qazanc \u0259ld\u0259 etm\u0259k \u00fc\u00e7\u00fcn oyuna ba\u015flaya bil\u0259r.<\/p>\n\n\n\n<h3 class=\"wp-block-heading\"><strong>Platformada hans\u0131 valyutada \u0259m\u0259liyyat aparmaq m\u00fcmk\u00fcnd\u00fcr?<\/strong><\/h3>\n\n\n\n<p>\u018fsl oyun t\u0259cr\u00fcb\u0259si ya\u015famaq ist\u0259yirsinizs\u0259, hans\u0131 valyutada \u0259m\u0259liyyat aparaca\u011f\u0131n\u0131z\u0131 bilm\u0259k vacibdir.<\/p>\n\n\n\n<p>777OLIMP Real Casino-da b\u00fct\u00fcn depozit v\u0259 \u00e7\u0131xar\u0131\u015flar yaln\u0131z Az\u0259rbaycan manat\u0131 (AZN) il\u0259 h\u0259yata ke\u00e7irilir. Bu, onlayn kazino azerbaycan istifad\u0259\u00e7il\u0259ri \u00fc\u00e7\u00fcn rahatl\u0131q v\u0259 \u015f\u0259ffafl\u0131q t\u0259min edir. F\u0259rqli valyutalarda hesab a\u00e7maq v\u0259 ya \u0259m\u0259liyyat aparmaq m\u00fcmk\u00fcn deyil.<\/p>\n\n\n\n<p>Lisenziya olmasa da, pul v\u0259saitl\u0259rinin tez v\u0259 etibarl\u0131 \u015f\u0259kild\u0259 hesab\u0131n\u0131za k\u00f6\u00e7\u00fcr\u00fclm\u0259si bizim \u00fc\u00e7\u00fcn \u0259sas prioritetdir.<\/p>\n\n\n\n<p>Platformam\u0131zda \u0259m\u0259liyyat valyutas\u0131 il\u0259 ba\u011fl\u0131 \u0259sas m\u0259qamlar bel\u0259dir:<\/p>\n\n\n\n<ol class=\"wp-block-list\">\n<li>Yaln\u0131z AZN il\u0259 \u0259m\u0259liyyat apar\u0131l\u0131r.<\/li>\n\n\n\n<li>Hesab balans\u0131n\u0131z manatla g\u00f6st\u0259rilir.<\/li>\n\n\n\n<li>Valyuta \u00e7evirm\u0259y\u0259 ehtiyac yoxdur.<\/li>\n\n\n\n<li>\u00d6d\u0259ni\u015fl\u0259rd\u0259 s\u00fcr\u0259t v\u0259 rahatl\u0131q t\u0259min olunur.<\/li>\n<\/ol>\n\n\n\n<h3 class=\"wp-block-heading\"><strong>Demo rejimd\u0259 qeydiyyats\u0131z oyun oynamaq m\u00fcmk\u00fcnd\u00fcrm\u00fc?<\/strong><\/h3>\n\n\n\n<p>Platformam\u0131zda b\u00fct\u00fcn \u0259m\u0259liyyatlar Az\u0259rbaycan manat\u0131 il\u0259 apar\u0131ld\u0131\u011f\u0131 kimi, oyun t\u0259cr\u00fcb\u0259sini s\u0131namaq ist\u0259y\u0259nl\u0259r \u00fc\u00e7\u00fcn d\u0259 rahat imkanlar var.<\/p>\n\n\n\n<p>Bir \u00e7ox istifad\u0259\u00e7ini maraqland\u0131ran suallardan biri d\u0259 budur: demo rejimd\u0259 qeydiyyats\u0131z oyun oynamaq m\u00fcmk\u00fcnd\u00fcrm\u00fc?<\/p>\n\n\n\n<p>B\u0259li, kazino onlayn platformam\u0131zda qeydiyyat olmadan demo rejimd\u0259 slot oyunlar\u0131n\u0131 rahatca s\u0131naqdan ke\u00e7ir\u0259 bil\u0259rik.<\/p>\n\n\n\n<p>Bu imkan say\u0259sind\u0259, real pul yat\u0131rmadan oyunun qaydalar\u0131n\u0131 \u00f6yr\u0259nm\u0259k, oynan\u0131\u015f\u0131 test etm\u0259k v\u0259 strategiyam\u0131z\u0131 inki\u015faf etdirm\u0259k m\u00fcmk\u00fcnd\u00fcr.<\/p>\n\n\n\n<p>Demo rejim h\u0259m yeni ba\u015flayanlar, h\u0259m d\u0259 t\u0259cr\u00fcb\u0259li oyun\u00e7ular \u00fc\u00e7\u00fcn \u0259la se\u00e7imdir \u2014 risk yoxdur, s\u0259rb\u0259st t\u0259cr\u00fcb\u0259 var.<\/p>\n\n\n\n<p>\u0130st\u0259diyimiz q\u0259d\u0259r m\u00fcxt\u0259lif oyunlar\u0131 s\u0131naya, \u00f6z\u00fcm\u00fcz \u00fc\u00e7\u00fcn \u0259n uy\u011fun olan slotlar\u0131 se\u00e7\u0259 bil\u0259rik.<\/p>\n\n\n\n<h3 class=\"wp-block-heading\"><strong>Platformada hans\u0131 ya\u015fdan qeydiyyatdan ke\u00e7m\u0259k olar?<\/strong><\/h3>\n\n\n\n<p>Az\u0259rbaycanda onlayn kazino oyunlar\u0131nda i\u015ftirak etm\u0259k \u00fc\u00e7\u00fcn minimum ya\u015f h\u0259ddi 18-dir v\u0259 bu bar\u0259d\u0259 qeydiyyat zaman\u0131 istifad\u0259\u00e7il\u0259ri m\u00fctl\u0259q m\u0259lumatland\u0131r\u0131r\u0131q.<\/p>\n\n\n\n<p>Biz azerbaycan kazino platformas\u0131 olaraq, h\u0259r k\u0259si bu qaydalara riay\u0259t etm\u0259y\u0259 \u00e7a\u011f\u0131r\u0131r\u0131q. 777OLIMP-d\u0259 qeydiyyatdan ke\u00e7m\u0259k \u00fc\u00e7\u00fcn sad\u0259c\u0259 daxil ol v\u0259 \u0259sas m\u0259lumatlar\u0131n\u0131 \u0259lav\u0259 et.<\/p>\n\n\n\n<p>Ya\u015f m\u0259hdudiyy\u0259ti yaln\u0131z qanuni t\u0259hl\u00fck\u0259sizlik \u00fc\u00e7\u00fcn deyil, h\u0259m d\u0259 oyun t\u0259cr\u00fcb\u0259sinin \u0259dal\u0259tli v\u0259 m\u0259suliyy\u0259tli olmas\u0131 \u00fc\u00e7\u00fcnd\u00fcr. Unutmay\u0131n, a\u015fa\u011f\u0131dak\u0131 s\u0259b\u0259bl\u0259r\u0259 g\u00f6r\u0259 bu qaydalara ciddi yana\u015f\u0131r\u0131q:<\/p>\n\n\n\n<ol class=\"wp-block-list\">\n<li>Oyun t\u0259hl\u00fck\u0259sizliyinin qorunmas\u0131<\/li>\n\n\n\n<li>M\u0259suliyy\u0259tli oyun v\u0259rdi\u015fl\u0259rinin t\u0259\u015fviqi<\/li>\n\n\n\n<li>Qanuni t\u0259l\u0259bl\u0259r\u0259 uy\u011funluq<\/li>\n\n\n\n<li>H\u0259r k\u0259s \u00fc\u00e7\u00fcn \u0259dal\u0259tli oyun m\u00fchiti<\/li>\n<\/ol>\n\n\n\n<p>\u018fg\u0259r 18 ya\u015fdan ki\u00e7iksinizs\u0259, qeydiyyatdan ke\u00e7m\u0259k v\u0259 daxil olmaq qada\u011fand\u0131r.<\/p>\n","protected":false},"excerpt":{"rendered":"<p>777OLIMP Real Casino \u2013 Real Udu\u015flar, S\u00fcr\u0259tli Qeydiyyat v\u0259 Etibarl\u0131 Oyunlar 777OLIMP Real Casino oyun\u00e7ulara t\u0259sir edici qazanma imkanlar\u0131 t\u0259klif [&hellip;]<\/p>\n","protected":false},"author":1,"featured_media":0,"parent":0,"menu_order":0,"comment_status":"closed","ping_status":"closed","template":"","meta":{"site-sidebar-layout":"default","site-content-layout":"","ast-site-content-layout":"default","site-content-style":"default","site-sidebar-style":"default","ast-global-header-display":"","ast-banner-title-visibility":"","ast-main-header-display":"","ast-hfb-above-header-display":"","ast-hfb-below-header-display":"","ast-hfb-mobile-header-display":"","site-post-title":"disabled","ast-breadcrumbs-content":"","ast-featured-img":"","footer-sml-layout":"","theme-transparent-header-meta":"","adv-header-id-meta":"","stick-header-meta":"","header-above-stick-meta":"","header-main-stick-meta":"","header-below-stick-meta":"","astra-migrate-meta-layouts":"default","ast-page-background-enabled":"default","ast-page-background-meta":{"desktop":{"background-color":"var(--ast-global-color-5)","background-image":"","background-repeat":"repeat","background-position":"center center","background-size":"auto","background-attachment":"scroll","background-type":"","background-media":"","overlay-type":"","overlay-color":"","overlay-opacity":"","overlay-gradient":""},"tablet":{"background-color":"","background-image":"","background-repeat":"repeat","background-position":"center center","background-size":"auto","background-attachment":"scroll","background-type":"","background-media":"","overlay-type":"","overlay-color":"","overlay-opacity":"","overlay-gradient":""},"mobile":{"background-color":"","background-image":"","background-repeat":"repeat","background-position":"center center","background-size":"auto","background-attachment":"scroll","background-type":"","background-media":"","overlay-type":"","overlay-color":"","overlay-opacity":"","overlay-gradient":""}},"ast-content-background-meta":{"desktop":{"background-color":"var(--ast-global-color-4)","background-image":"","background-repeat":"repeat","background-position":"center center","background-size":"auto","background-attachment":"scroll","background-type":"","background-media":"","overlay-type":"","overlay-color":"","overlay-opacity":"","overlay-gradient":""},"tablet":{"background-color":"var(--ast-global-color-4)","background-image":"","background-repeat":"repeat","background-position":"center center","background-size":"auto","background-attachment":"scroll","background-type":"","background-media":"","overlay-type":"","overlay-color":"","overlay-opacity":"","overlay-gradient":""},"mobile":{"background-color":"var(--ast-global-color-4)","background-image":"","background-repeat":"repeat","background-position":"center center","background-size":"auto","background-attachment":"scroll","background-type":"","background-media":"","overlay-type":"","overlay-color":"","overlay-opacity":"","overlay-gradient":""}},"footnotes":""},"class_list":["post-9","page","type-page","status-publish","hentry"],"_links":{"self":[{"href":"https:\/\/777olimpwithdrawal.com\/index.php?rest_route=\/wp\/v2\/pages\/9","targetHints":{"allow":["GET"]}}],"collection":[{"href":"https:\/\/777olimpwithdrawal.com\/index.php?rest_route=\/wp\/v2\/pages"}],"about":[{"href":"https:\/\/777olimpwithdrawal.com\/index.php?rest_route=\/wp\/v2\/types\/page"}],"author":[{"embeddable":true,"href":"https:\/\/777olimpwithdrawal.com\/index.php?rest_route=\/wp\/v2\/users\/1"}],"replies":[{"embeddable":true,"href":"https:\/\/777olimpwithdrawal.com\/index.php?rest_route=%2Fwp%2Fv2%2Fcomments&post=9"}],"version-history":[{"count":1,"href":"https:\/\/777olimpwithdrawal.com\/index.php?rest_route=\/wp\/v2\/pages\/9\/revisions"}],"predecessor-version":[{"id":10,"href":"https:\/\/777olimpwithdrawal.com\/index.php?rest_route=\/wp\/v2\/pages\/9\/revisions\/10"}],"wp:attachment":[{"href":"https:\/\/777olimpwithdrawal.com\/index.php?rest_route=%2Fwp%2Fv2%2Fmedia&parent=9"}],"curies":[{"name":"wp","href":"https:\/\/api.w.org\/{rel}","templated":true}]}}